{"id":4277,"date":"2019-07-16T18:40:15","date_gmt":"2019-07-16T18:40:15","guid":{"rendered":"http:\/\/iwpohio.org\/?page_id=4277"},"modified":"2021-02-23T21:17:19","modified_gmt":"2021-02-23T21:17:19","slug":"servicios","status":"publish","type":"page","link":"https:\/\/iwpohio.org\/?page_id=4277","title":{"rendered":"Servicios"},"content":{"rendered":"\t\t<div data-elementor-type=\"wp-post\" data-elementor-id=\"4277\" class=\"elementor elementor-4277\" data-elementor-settings=\"[]\">\n\t\t\t\t\t\t<div class=\"elementor-inner\">\n\t\t\t\t\t\t\t<div class=\"elementor-section-wrap\">\n\t\t\t\t\t\t\t<section class=\"elementor-section elementor-top-section elementor-element elementor-element-90b24b5 elementor-section-stretched elementor-section-boxed elementor-section-height-default elementor-section-height-default\" data-id=\"90b24b5\" data-element_type=\"section\" data-settings=\"{&quot;stretch_section&quot;:&quot;section-stretched&quot;}\">\n\t\t\t\t\t\t<div class=\"elementor-container elementor-column-gap-default\">\n\t\t\t\t\t\t\t<div class=\"elementor-row\">\n\t\t\t\t\t<div class=\"elementor-column elementor-col-100 elementor-top-column elementor-element elementor-element-7c20780\" data-id=\"7c20780\" data-element_type=\"column\">\n\t\t\t<div class=\"elementor-column-wrap elementor-element-populated\">\n\t\t\t\t\t\t\t<div class=\"elementor-widget-wrap\">\n\t\t\t\t\t\t<div class=\"elementor-element elementor-element-c51d325 elementor-widget elementor-widget-heading\" data-id=\"c51d325\" data-element_type=\"widget\" data-widget_type=\"heading.default\">\n\t\t\t\t<div class=\"elementor-widget-container\">\n\t\t\t<h1 class=\"elementor-heading-title elementor-size-default\">Servicios<\/h1>\t\t<\/div>\n\t\t\t\t<\/div>\n\t\t\t\t\t\t<\/div>\n\t\t\t\t\t<\/div>\n\t\t<\/div>\n\t\t\t\t\t\t\t\t<\/div>\n\t\t\t\t\t<\/div>\n\t\t<\/section>\n\t\t\t\t<section class=\"elementor-section elementor-top-section elementor-element elementor-element-9b08ff1 elementor-section-stretched elementor-section-boxed elementor-section-height-default elementor-section-height-default\" data-id=\"9b08ff1\" data-element_type=\"section\" data-settings=\"{&quot;stretch_section&quot;:&quot;section-stretched&quot;}\">\n\t\t\t\t\t\t<div class=\"elementor-container elementor-column-gap-default\">\n\t\t\t\t\t\t\t<div class=\"elementor-row\">\n\t\t\t\t\t<div class=\"elementor-column elementor-col-100 elementor-top-column elementor-element elementor-element-2410928\" data-id=\"2410928\" data-element_type=\"column\">\n\t\t\t<div class=\"elementor-column-wrap elementor-element-populated\">\n\t\t\t\t\t\t\t<div class=\"elementor-widget-wrap\">\n\t\t\t\t\t\t<div class=\"elementor-element elementor-element-d4c350d elementor-widget-divider--view-line elementor-widget elementor-widget-divider\" data-id=\"d4c350d\" data-element_type=\"widget\" data-widget_type=\"divider.default\">\n\t\t\t\t<div class=\"elementor-widget-container\">\n\t\t\t\t\t<div class=\"elementor-divider\">\n\t\t\t<span class=\"elementor-divider-separator\">\n\t\t\t\t\t\t<\/span>\n\t\t<\/div>\n\t\t\t\t<\/div>\n\t\t\t\t<\/div>\n\t\t\t\t\t\t<\/div>\n\t\t\t\t\t<\/div>\n\t\t<\/div>\n\t\t\t\t\t\t\t\t<\/div>\n\t\t\t\t\t<\/div>\n\t\t<\/section>\n\t\t\t\t<section class=\"elementor-section elementor-top-section elementor-element elementor-element-c2813e3 elementor-section-stretched elementor-section-boxed elementor-section-height-default elementor-section-height-default\" data-id=\"c2813e3\" data-element_type=\"section\" data-settings=\"{&quot;stretch_section&quot;:&quot;section-stretched&quot;}\">\n\t\t\t\t\t\t<div class=\"elementor-container elementor-column-gap-default\">\n\t\t\t\t\t\t\t<div class=\"elementor-row\">\n\t\t\t\t\t<div class=\"elementor-column elementor-col-100 elementor-top-column elementor-element elementor-element-f54ec9c\" data-id=\"f54ec9c\" data-element_type=\"column\">\n\t\t\t<div class=\"elementor-column-wrap elementor-element-populated\">\n\t\t\t\t\t\t\t<div class=\"elementor-widget-wrap\">\n\t\t\t\t\t\t<div class=\"elementor-element elementor-element-e9f1bfb animated-slow elementor-invisible elementor-widget elementor-widget-text-editor\" data-id=\"e9f1bfb\" data-element_type=\"widget\" data-settings=\"{&quot;_animation&quot;:&quot;fadeIn&quot;}\" data-widget_type=\"text-editor.default\">\n\t\t\t\t<div class=\"elementor-widget-container\">\n\t\t\t\t\t<div class=\"elementor-text-editor elementor-clearfix\"><p>IWP ofrece un sin n\u00famero de servicios que alinea con las esperanzas y necesidades de la comunidad inmigrante. Debido a los factores que nos envuelve nuestro trabajo de escuchar a la comunidad. Nuestros proyectos y servicios cambian, crecen, se transforman constantemente.<\/p><\/div>\n\t\t\t\t<\/div>\n\t\t\t\t<\/div>\n\t\t\t\t<div class=\"elementor-element elementor-element-39fcef7 elementor-widget elementor-widget-toggle\" data-id=\"39fcef7\" data-element_type=\"widget\" data-widget_type=\"toggle.default\">\n\t\t\t\t<div class=\"elementor-widget-container\">\n\t\t\t\t\t<div class=\"elementor-toggle\" role=\"tablist\">\n\t\t\t\t\t\t\t<div class=\"elementor-toggle-item\">\n\t\t\t\t\t<div id=\"elementor-tab-title-6081\" class=\"elementor-tab-title\" data-tab=\"1\" role=\"tab\" aria-controls=\"elementor-tab-content-6081\">\n\t\t\t\t\t\t\t\t\t\t\t\t<span class=\"elementor-toggle-icon elementor-toggle-icon-left\" aria-hidden=\"true\">\n\t\t\t\t\t\t\t\t\t\t\t\t\t\t\t<span class=\"elementor-toggle-icon-closed\"><i class=\"fas fa-caret-right\"><\/i><\/span>\n\t\t\t\t\t\t\t\t<span class=\"elementor-toggle-icon-opened\"><i class=\"elementor-toggle-icon-opened fas fa-caret-up\"><\/i><\/span>\n\t\t\t\t\t\t\t\t\t\t\t\t\t<\/span>\n\t\t\t\t\t\t\t\t\t\t\t\t<a href=\"\" class=\"elementor-toggle-title\">Los Servicios Educativos<\/a>\n\t\t\t\t\t<\/div>\n\t\t\t\t\t<div id=\"elementor-tab-content-6081\" class=\"elementor-tab-content elementor-clearfix\" data-tab=\"1\" role=\"tabpanel\" aria-labelledby=\"elementor-tab-title-6081\"><ul><li>El Programa de Tutor\u00eda Universitaria: Este programa combina mentores capacitados y calificados con estudiantes en la escuela secundaria preparados para ir a la universidad o graduados recientemente para ayudar con el proceso de solicitud de las universidades. Los mentores ayudan a los estudiantes en las \u00e1reas de mayor necesidad; sin embargo, la tutor\u00eda puede incluir: b\u00fasquedas de universidades, comentarios de ensayos, creaci\u00f3n de curr\u00edculum, y comprensi\u00f3n de la ayuda financiera y las becas disponibles.\u00a0<\/li><li>El Programa de Embajador de la Juventud: Este programa trabaja con el Programa de La Mentor\u00eda Universitaria para alentar a los estudiantes de la escuela secundaria a considerar la universidad y adem\u00e1s proporcionar recursos para comprender y prepararse para la universidad. Como grupo, los estudiantes trabajan en proyectos para ayudar a otros estudiantes en la escuela y alentar el di\u00e1logo en la comunidad con la meta de lograr un cambio social.\u00a0<\/li><li>La Beca de Centro San Jose: Esta beca otorga ayuda financiera a estudiantes indocumentados que viven en los condados de Ashland, Columbiana, Holmes, Knox, Stark, Tuscarawas, and Wayne. La beca provee recursos necesarios a estudiantes que tienen acceso limitado debido a su estado migratorio.\u00a0<\/li><li>La Clases de Ingl\u00e9s: Esas clases se llevan a cabo a varios ocaciones en 23 lugares alrededor de el estado de Ohio.\u00a0<\/li><\/ul><\/div>\n\t\t\t\t<\/div>\n\t\t\t\t\t\t\t<div class=\"elementor-toggle-item\">\n\t\t\t\t\t<div id=\"elementor-tab-title-6082\" class=\"elementor-tab-title\" data-tab=\"2\" role=\"tab\" aria-controls=\"elementor-tab-content-6082\">\n\t\t\t\t\t\t\t\t\t\t\t\t<span class=\"elementor-toggle-icon elementor-toggle-icon-left\" aria-hidden=\"true\">\n\t\t\t\t\t\t\t\t\t\t\t\t\t\t\t<span class=\"elementor-toggle-icon-closed\"><i class=\"fas fa-caret-right\"><\/i><\/span>\n\t\t\t\t\t\t\t\t<span class=\"elementor-toggle-icon-opened\"><i class=\"elementor-toggle-icon-opened fas fa-caret-up\"><\/i><\/span>\n\t\t\t\t\t\t\t\t\t\t\t\t\t<\/span>\n\t\t\t\t\t\t\t\t\t\t\t\t<a href=\"\" class=\"elementor-toggle-title\">Los Proyectos de Capacitaci\u00f3n y Empoderamiento \u00a0<\/a>\n\t\t\t\t\t<\/div>\n\t\t\t\t\t<div id=\"elementor-tab-content-6082\" class=\"elementor-tab-content elementor-clearfix\" data-tab=\"2\" role=\"tabpanel\" aria-labelledby=\"elementor-tab-title-6082\"><ul><li>La Cooperativa de AMIGAS: Este proyecto brinda capacitacion y desarrollo de habilidades de liderazgo comunitario a las mujeres que han huido de la violencia de M\u00e9xico y en Am\u00e9rica Central . Los miembros de AMIGAS desarrollan productos artesanales que proveen el apoyo econ\u00f3mico para las mujeres adem\u00e1s de ofrecer servicios de limpieza y de cocina para las iglesias y las escuelas en el \u00e1rea.\u00a0<\/li><li>La Serie del Taller de Entendimiento Econ\u00f3mico: Esta serie de talleres ense\u00f1a y entrena a los participantes sobre una variedad de temas sobre el lugar de trabajo, incluyendo: 1) las cartas de \u201cNo Match\u201d (No concidencia) y los derechos de la compensaci\u00f3n laboral, 2) los impuestos, 3) ir de compras, los bancos, y las remisiones, y 4) presupuestos econ\u00f3micos. IWP provee o ayuda adquirir la asistencia t\u00e9cnica para los miembros que deseen empezar un negocio para los miembros de la comunidad.\u00a0<\/li><li>La Creaci\u00f3n de la Comunidad: IWP provee el apoyo financiero, log\u00edstico, y de propagaci\u00f3n por las celebraciones culturales. Este programa provee oportunidades de construir un liderazgo, las habilidades de organizaci\u00f3n, y la estructura para cr\u00edticas crises de la comunidad.<\/li><\/ul><\/div>\n\t\t\t\t<\/div>\n\t\t\t\t\t\t\t<div class=\"elementor-toggle-item\">\n\t\t\t\t\t<div id=\"elementor-tab-title-6083\" class=\"elementor-tab-title\" data-tab=\"3\" role=\"tab\" aria-controls=\"elementor-tab-content-6083\">\n\t\t\t\t\t\t\t\t\t\t\t\t<span class=\"elementor-toggle-icon elementor-toggle-icon-left\" aria-hidden=\"true\">\n\t\t\t\t\t\t\t\t\t\t\t\t\t\t\t<span class=\"elementor-toggle-icon-closed\"><i class=\"fas fa-caret-right\"><\/i><\/span>\n\t\t\t\t\t\t\t\t<span class=\"elementor-toggle-icon-opened\"><i class=\"elementor-toggle-icon-opened fas fa-caret-up\"><\/i><\/span>\n\t\t\t\t\t\t\t\t\t\t\t\t\t<\/span>\n\t\t\t\t\t\t\t\t\t\t\t\t<a href=\"\" class=\"elementor-toggle-title\">Los Servicios de Inmigraci\u00f3n y  El Lugar de Trabajo<\/a>\n\t\t\t\t\t<\/div>\n\t\t\t\t\t<div id=\"elementor-tab-content-6083\" class=\"elementor-tab-content elementor-clearfix\" data-tab=\"3\" role=\"tabpanel\" aria-labelledby=\"elementor-tab-title-6083\"><ul><li>La Ciudadan\u00eda, Las Familias en Detenci\u00f3n, La Inmigraci\u00f3n, y Los Menores No Acompa\u00f1ados: IWP provee la representaci\u00f3n legal, el apoyo comunitario, y el asesoramiento a los menores no acompa\u00f1ados y a las familias que huyen de violencia en pa\u00edses como Guatemala, Honduras, El Salvador, y M\u00e9xico. IWP ayuda a los inmigrantes a tramitar y presentar documentos de inmigraci\u00f3n, para preparar para sus ex\u00e1menes de ciudadan\u00eda, solicitar sus n\u00fameros de identificaci\u00f3n f\u00edscal individual del contribuyente, y presentar los documentos necesarios para sus casos afirmativos o de detenciones.\u00a0<\/li><li>Las Interpretaciones y Las Traducciones: IWP ofrece los servicios de interpretaci\u00f3n en el idioma de Ixil y K\u2019iche. El personal de IWP tambi\u00e9n provee servicios de traducciones por los documentos en espa\u00f1ol.\u00a0<\/li><li>Los Derechos de Las V\u00edctimas: IWP trabaja con las v\u00edctimas y los sobrevivientes de un crimen para interceder con las fuerzas policiales, los defensores de v\u00edctimas, y los fiscales. IWP ayuda a los sobrevivientes de violencia dom\u00e9stica a encontrar programas en todo el estado y cuando sea necesario, ayudar\u00e1 a llenar los formularios de inmigracion sobre las victimas de crimen o de abuso.<\/li><li>Los Derechos en El Lugar de Trabajo: IWP trabaja para asegurar que los empleadores cumplan con las regulaciones legales de la seguridad y la protecci\u00f3n salarial para todos los trabajadores. IWP utiliza los mecanismos legales necesarios para proteger a los trabajadores de condiciones peligrosas de trabajo, como aumentar la rapidez de producci\u00f3n en la industria av\u00edcola o el uso de los pesticidas en la agricultura, y para garantizar que los trabajadores que no se le sea negado sus salarios.\u00a0<\/li><\/ul><\/div>\n\t\t\t\t<\/div>\n\t\t\t\t\t<\/div>\n\t\t\t\t<\/div>\n\t\t\t\t<\/div>\n\t\t\t\t<div class=\"elementor-element elementor-element-7f94d1c elementor-widget elementor-widget-text-editor\" data-id=\"7f94d1c\" data-element_type=\"widget\" data-widget_type=\"text-editor.default\">\n\t\t\t\t<div class=\"elementor-widget-container\">\n\t\t\t\t\t<div class=\"elementor-text-editor elementor-clearfix\"><p>Si tiene cualquier pregunta con respecto a estos proyectos y servicios o le gustar\u00eda traernos esperanza y necesidades adicionales a nuestra atenci\u00f3n, por favor cont\u00e1ctenos.\u00a0<\/p><\/div>\n\t\t\t\t<\/div>\n\t\t\t\t<\/div>\n\t\t\t\t<div class=\"elementor-element elementor-element-5a8079c elementor-widget elementor-widget-image-gallery\" data-id=\"5a8079c\" data-element_type=\"widget\" data-widget_type=\"image-gallery.default\">\n\t\t\t\t<div class=\"elementor-widget-container\">\n\t\t\t\t\t<div class=\"elementor-image-gallery\">\n\t\t\t<div id='gallery-1' class='gallery galleryid-4277 gallery-columns-5 gallery-size-thumbnail'><figure class='gallery-item'>\n\t\t\t<div class='gallery-icon landscape'>\n\t\t\t\t<a data-elementor-open-lightbox=\"yes\" data-elementor-lightbox-slideshow=\"5a8079c\" data-elementor-lightbox-title=\"IWP alfombra\" href='https:\/\/iwpohio.org\/wp-content\/uploads\/2020\/06\/IWP-alfombra.jpg'><img width=\"150\" height=\"150\" src=\"https:\/\/iwpohio.org\/wp-content\/uploads\/2020\/06\/IWP-alfombra-150x150.jpg\" class=\"attachment-thumbnail size-thumbnail\" alt=\"\" loading=\"lazy\" \/><\/a>\n\t\t\t<\/div><\/figure><figure class='gallery-item'>\n\t\t\t<div class='gallery-icon landscape'>\n\t\t\t\t<a data-elementor-open-lightbox=\"yes\" data-elementor-lightbox-slideshow=\"5a8079c\" data-elementor-lightbox-title=\"IWP House Art\" href='https:\/\/iwpohio.org\/wp-content\/uploads\/2020\/06\/IWP-House-Art.jpg'><img width=\"150\" height=\"150\" src=\"https:\/\/iwpohio.org\/wp-content\/uploads\/2020\/06\/IWP-House-Art-150x150.jpg\" class=\"attachment-thumbnail size-thumbnail\" alt=\"\" loading=\"lazy\" \/><\/a>\n\t\t\t<\/div><\/figure><figure class='gallery-item'>\n\t\t\t<div class='gallery-icon landscape'>\n\t\t\t\t<a data-elementor-open-lightbox=\"yes\" data-elementor-lightbox-slideshow=\"5a8079c\" data-elementor-lightbox-title=\"DSC_7603\" href='https:\/\/iwpohio.org\/wp-content\/uploads\/slider4\/DSC_7603.jpeg'><img width=\"150\" height=\"150\" src=\"https:\/\/iwpohio.org\/wp-content\/uploads\/slider4\/DSC_7603-150x150.jpeg\" class=\"attachment-thumbnail size-thumbnail\" alt=\"\" loading=\"lazy\" \/><\/a>\n\t\t\t<\/div><\/figure><figure class='gallery-item'>\n\t\t\t<div class='gallery-icon landscape'>\n\t\t\t\t<a data-elementor-open-lightbox=\"yes\" data-elementor-lightbox-slideshow=\"5a8079c\" data-elementor-lightbox-title=\"DSC_7730\" href='https:\/\/iwpohio.org\/wp-content\/uploads\/slider4\/DSC_7730.jpeg'><img width=\"150\" height=\"150\" src=\"https:\/\/iwpohio.org\/wp-content\/uploads\/slider4\/DSC_7730-150x150.jpeg\" class=\"attachment-thumbnail size-thumbnail\" alt=\"\" loading=\"lazy\" \/><\/a>\n\t\t\t<\/div><\/figure><figure class='gallery-item'>\n\t\t\t<div class='gallery-icon portrait'>\n\t\t\t\t<a data-elementor-open-lightbox=\"yes\" data-elementor-lightbox-slideshow=\"5a8079c\" data-elementor-lightbox-title=\"EW1\" href='https:\/\/iwpohio.org\/wp-content\/uploads\/2019\/07\/EW1.png'><img width=\"150\" height=\"150\" src=\"https:\/\/iwpohio.org\/wp-content\/uploads\/2019\/07\/EW1-150x150.png\" class=\"attachment-thumbnail size-thumbnail\" alt=\"\" loading=\"lazy\" \/><\/a>\n\t\t\t<\/div><\/figure>\n\t\t<\/div>\n\t\t<\/div>\n\t\t\t\t<\/div>\n\t\t\t\t<\/div>\n\t\t\t\t\t\t<\/div>\n\t\t\t\t\t<\/div>\n\t\t<\/div>\n\t\t\t\t\t\t\t\t<\/div>\n\t\t\t\t\t<\/div>\n\t\t<\/section>\n\t\t\t\t\t\t<\/div>\n\t\t\t\t\t\t<\/div>\n\t\t\t\t\t<\/div>\n\t\t","protected":false},"excerpt":{"rendered":"<p>Servicios IWP ofrece un sin n<\/p>\n","protected":false},"author":1,"featured_media":0,"parent":3712,"menu_order":0,"comment_status":"closed","ping_status":"closed","template":"","meta":[],"_links":{"self":[{"href":"https:\/\/iwpohio.org\/index.php?rest_route=\/wp\/v2\/pages\/4277"}],"collection":[{"href":"https:\/\/iwpohio.org\/index.php?rest_route=\/wp\/v2\/pages"}],"about":[{"href":"https:\/\/iwpohio.org\/index.php?rest_route=\/wp\/v2\/types\/page"}],"author":[{"embeddable":true,"href":"https:\/\/iwpohio.org\/index.php?rest_route=\/wp\/v2\/users\/1"}],"replies":[{"embeddable":true,"href":"https:\/\/iwpohio.org\/index.php?rest_route=%2Fwp%2Fv2%2Fcomments&post=4277"}],"version-history":[{"count":12,"href":"https:\/\/iwpohio.org\/index.php?rest_route=\/wp\/v2\/pages\/4277\/revisions"}],"predecessor-version":[{"id":4747,"href":"https:\/\/iwpohio.org\/index.php?rest_route=\/wp\/v2\/pages\/4277\/revisions\/4747"}],"up":[{"embeddable":true,"href":"https:\/\/iwpohio.org\/index.php?rest_route=\/wp\/v2\/pages\/3712"}],"wp:attachment":[{"href":"https:\/\/iwpohio.org\/index.php?rest_route=%2Fwp%2Fv2%2Fmedia&parent=4277"}],"curies":[{"name":"wp","href":"https:\/\/api.w.org\/{rel}","templated":true}]}}